{"id":10934,"date":"2020-07-28T15:04:42","date_gmt":"2020-07-28T13:04:42","guid":{"rendered":"https:\/\/feuerwehr-simbach.de\/?page_id=10934"},"modified":"2025-10-23T12:44:16","modified_gmt":"2025-10-23T10:44:16","slug":"das-sind-wir-2","status":"publish","type":"page","link":"https:\/\/feuerwehr-simbach.de\/?page_id=10934","title":{"rendered":"Das sind wir"},"content":{"rendered":"<div class=\"wpb-content-wrapper\">[vc_row][vc_column][vc_column_text]\n<h1 style=\"text-align: center;\"><span style=\"color: #ff0000;\">Das sind wir<br \/>\n<\/span><\/h1>\n<p>&nbsp;<\/p>\n<p>&nbsp;<\/p>\n[\/vc_column_text][vc_empty_space height=&#8220;0px&#8220;][\/vc_column][\/vc_row][vc_row][vc_column width=&#8220;1\/2&#8243;][vc_single_image image=&#8220;23994&#8243; img_size=&#8220;1920&#215;1280&#8243; alignment=&#8220;center&#8220;][vc_column_text]\n<h6 style=\"text-align: center;\">Unsere Jugendgruppe<\/h6>\n[\/vc_column_text][\/vc_column][vc_column width=&#8220;1\/3&#8243;][vc_empty_space height=&#8220;0px&#8220;][\/vc_column][vc_column width=&#8220;1\/2&#8243;][vc_single_image image=&#8220;22416&#8243; img_size=&#8220;1920&#215;1280&#8243; alignment=&#8220;center&#8220;][vc_column_text]\n<h6 style=\"text-align: center;\">Jugendwart Alexander Eiblmeier<\/h6>\n[\/vc_column_text][\/vc_column][\/vc_row][vc_row][vc_column][vc_column_text]\u00a0<\/p>\n<p>Der <strong>Jugendwart <\/strong>ist der erste <strong>Ansprechpartner f\u00fcr die Jugend<\/strong>. Er k\u00fcmmert sich in erster Linie um die Ausbildung und steht f\u00fcr alle Fragen zur Verf\u00fcgung.<\/p>\n<p><strong>Seit Juli 1975<\/strong> besteht bei der Feuerwehr Stadt Simbach a. Inn eine eigene Jugendgruppe, mit dem Ziel, Jugendliche f\u00fcr das Feuerwehrwesen zu begeistern. Die Jugendlichen lernen in kameradschaftlicher Weise den Umgang mit <strong>Fahrzeug und Technik<\/strong>, aber auch <strong>Spa\u00df und Action<\/strong> kommen nat\u00fcrlich nicht zu kurz.<br \/>\nSeit dem Umzug ins neue Feuerwehrger\u00e4tehaus im Jahr 2010 hat die Jugendgruppe sogar einen eigenen <a href=\"http:\/\/feuerwehr-simbach.de\/?p=4539\">Jugendraum<\/a>, den sie eigenverantwortlich nutzen kann. <strong>Leistungswettbewerbe, soziales Engagement, Tagestouren, Zeltlager und Wochenendausfl\u00fcge<\/strong> runden das Jahresprogramm der Jugendfeuerwehr Simbach ab.<\/p>\n<p>\u00a0[\/vc_column_text][\/vc_column][\/vc_row][vc_row][vc_column width=&#8220;1\/4&#8243;][vc_single_image image=&#8220;16439&#8243; img_size=&#8220;350&#215;233&#8243; alignment=&#8220;center&#8220;][\/vc_column][vc_column width=&#8220;1\/4&#8243;][vc_single_image image=&#8220;16437&#8243; img_size=&#8220;350&#215;233&#8243; alignment=&#8220;center&#8220;][\/vc_column][vc_column width=&#8220;1\/4&#8243;][vc_single_image image=&#8220;16438&#8243; img_size=&#8220;350&#215;233&#8243; alignment=&#8220;center&#8220;][\/vc_column][vc_column width=&#8220;1\/4&#8243;][vc_single_image image=&#8220;16440&#8243; img_size=&#8220;350&#215;233&#8243; alignment=&#8220;center&#8220;][\/vc_column][\/vc_row][vc_row][vc_column][vc_column_text][vc_row][vc_column width=&#8220;1\/1&#8243;][vc_column_text]\n<p>&nbsp;<\/p>\n<h4 style=\"text-align: center;\"><span style=\"color: #ff0000;\">Du hast Interesse und bist zwischen 12 und 17 Jahren?<\/span><br \/>\n<span style=\"color: #ff0000;\">Dann komm doch einfach am Dienstag ab 18.30 Uhr <\/span><span style=\"color: #ff0000;\">bei uns im Feuerwehrhaus vorbei!<br \/>\nWeitere Infos \u00fcber uns findest Du in unserem <span style=\"color: #cc99ff;\"><span style=\"text-decoration: underline;\"><span style=\"color: #ff6600; text-decoration: underline;\"><a style=\"color: #ff6600; text-decoration: underline;\" href=\"https:\/\/feuerwehr-simbach.de\/wp-content\/uploads\/2022\/12\/Flyer-Jugend.pdf\">Flyer<\/a><\/span><\/span><span style=\"color: #ff0000;\">!<\/span><\/span><\/span><\/h4>\n<h4 style=\"text-align: center;\">Wir freuen uns auf Dich!<\/h4>\n[\/vc_column_text][\/vc_column][\/vc_row]\n<\/div>","protected":false},"excerpt":{"rendered":"<p>[vc_row][vc_column][vc_column_text] Das sind wir &nbsp; &nbsp; [\/vc_column_text][vc_empty_space height=&#8220;0px&#8220;][\/vc_column][\/vc_row][vc_row][vc_column width=&#8220;1\/2&#8243;][vc_single_image image=&#8220;23994&#8243; img_size=&#8220;1920&#215;1280&#8243; alignment=&#8220;center&#8220;][vc_column_text] Unsere Jugendgruppe [\/vc_column_text][\/vc_column][vc_column width=&#8220;1\/3&#8243;][vc_empty_space height=&#8220;0px&#8220;][\/vc_column][vc_column width=&#8220;1\/2&#8243;][vc_single_image image=&#8220;22416&#8243; img_size=&#8220;1920&#215;1280&#8243; alignment=&#8220;center&#8220;][vc_column_text] Jugendwart Alexander Eiblmeier [\/vc_column_text][\/vc_column][\/vc_row][vc_row][vc_column][vc_column_text]\u00a0 Der Jugendwart ist der erste Ansprechpartner f\u00fcr die Jugend. Er k\u00fcmmert sich in erster Linie um die Ausbildung und steht f\u00fcr alle Fragen zur Verf\u00fcgung. Seit Juli 1975 besteht bei [&hellip;]<\/p>\n","protected":false},"author":22,"featured_media":0,"parent":0,"menu_order":0,"comment_status":"closed","ping_status":"closed","template":"","meta":{"footnotes":""},"class_list":["post-10934","page","type-page","status-publish","hentry"],"_links":{"self":[{"href":"https:\/\/feuerwehr-simbach.de\/index.php?rest_route=\/wp\/v2\/pages\/10934","targetHints":{"allow":["GET"]}}],"collection":[{"href":"https:\/\/feuerwehr-simbach.de\/index.php?rest_route=\/wp\/v2\/pages"}],"about":[{"href":"https:\/\/feuerwehr-simbach.de\/index.php?rest_route=\/wp\/v2\/types\/page"}],"author":[{"embeddable":true,"href":"https:\/\/feuerwehr-simbach.de\/index.php?rest_route=\/wp\/v2\/users\/22"}],"replies":[{"embeddable":true,"href":"https:\/\/feuerwehr-simbach.de\/index.php?rest_route=%2Fwp%2Fv2%2Fcomments&post=10934"}],"version-history":[{"count":6,"href":"https:\/\/feuerwehr-simbach.de\/index.php?rest_route=\/wp\/v2\/pages\/10934\/revisions"}],"predecessor-version":[{"id":23995,"href":"https:\/\/feuerwehr-simbach.de\/index.php?rest_route=\/wp\/v2\/pages\/10934\/revisions\/23995"}],"wp:attachment":[{"href":"https:\/\/feuerwehr-simbach.de\/index.php?rest_route=%2Fwp%2Fv2%2Fmedia&parent=10934"}],"curies":[{"name":"wp","href":"https:\/\/api.w.org\/{rel}","templated":true}]}}