{"id":11623,"date":"2020-11-22T18:12:45","date_gmt":"2020-11-22T17:12:45","guid":{"rendered":"https:\/\/feuerwehr-simbach.de\/?page_id=11623"},"modified":"2025-06-15T16:08:48","modified_gmt":"2025-06-15T14:08:48","slug":"chronik-kontaktformular","status":"publish","type":"page","link":"https:\/\/feuerwehr-simbach.de\/?page_id=11623","title":{"rendered":"Bestellformular Chronik"},"content":{"rendered":"<div class=\"wpb-content-wrapper\">[vc_row inverse=&#8220;&#8220; css=&#8220;.vc_custom_1519914195569{background-position: center !important;background-repeat: no-repeat !important;background-size: contain !important;}&#8220;][vc_column css_animation=&#8220;top-to-bottom&#8220;][vc_column_text scheme=&#8220;&#8220;][\/vc_column_text][vc_column_text css=&#8220;.vc_custom_1607180275502{margin-top: 25px !important;padding-top: 0px !important;padding-bottom: 0px !important;}&#8220;]\n<h3 style=\"text-align: center;\"><span style=\"color: #ff0000;\">Chronik kaufen<\/span><\/h3>\n[\/vc_column_text][\/vc_column][\/vc_row][vc_row][vc_column width=&#8220;5\/6&#8243;][vc_column_text]\n<p style=\"text-align: left;\">Im Mai 2016 feierten wir mit den Kameraden der Feuerwehr Braunau unser gemeinsames 150-j\u00e4hrigs Gr\u00fcndungsfest. Wie bei einem solchen Jubil\u00e4um \u00fcblich, erstellten wir auch eine Chronik. Unsere Chronik ist jedoch eine Besondere &#8211; denn in dieser kann man sowohl die Geschichte der Feuerwehr Simbach als auch die der Feuerwehr Braunau nachlesen. Haben Sie Interesse an einer solchen Chronik? Dann z\u00f6gern Sie nicht und kontaktieren Sie uns mithilfe des untenstehenden Formulars. Die Kosten f\u00fcr eine Chronik belaufen sich auch 15,- \u20ac zuz\u00fcglich 5,- \u20ac f\u00fcr den Versand.<\/p>\n[\/vc_column_text][\/vc_column][vc_column width=&#8220;1\/6&#8243;][vc_single_image image=&#8220;13040&#8243; img_size=&#8220;large&#8220; alignment=&#8220;center&#8220; onclick=&#8220;img_link_large&#8220;]\n[\/vc_column][\/vc_row][vc_row inverse=&#8220;&#8220; css=&#8220;.vc_custom_1519918095584{margin-top: 25px !important;}&#8220;][vc_column width=&#8220;1\/6&#8243;][\/vc_column][vc_column width=&#8220;4\/6&#8243;]\n<div class=\"wpcf7 no-js\" id=\"wpcf7-f11315-o1\" lang=\"de-DE\" dir=\"ltr\" data-wpcf7-id=\"11315\">\n<div class=\"screen-reader-response\"><p role=\"status\" aria-live=\"polite\" aria-atomic=\"true\"><\/p> <ul><\/ul><\/div>\n<form action=\"\/index.php?rest_route=%2Fwp%2Fv2%2Fpages%2F11623#wpcf7-f11315-o1\" method=\"post\" class=\"wpcf7-form init\" aria-label=\"Kontaktformular\" novalidate=\"novalidate\" data-status=\"init\">\n<fieldset class=\"hidden-fields-container\"><input type=\"hidden\" name=\"_wpcf7\" value=\"11315\" \/><input type=\"hidden\" name=\"_wpcf7_version\" value=\"6.1.5\" \/><input type=\"hidden\" name=\"_wpcf7_locale\" value=\"de_DE\" \/><input type=\"hidden\" name=\"_wpcf7_unit_tag\" value=\"wpcf7-f11315-o1\" \/><input type=\"hidden\" name=\"_wpcf7_container_post\" value=\"0\" \/><input type=\"hidden\" name=\"_wpcf7_posted_data_hash\" value=\"\" \/>\n<\/fieldset>\nVorname*\n   <span class=\"wpcf7-form-control-wrap\" data-name=\"Vorname\"><input size=\"40\" maxlength=\"400\" class=\"wpcf7-form-control wpcf7-text wpcf7-validates-as-required\" id=\"Vorname\" aria-required=\"true\" aria-invalid=\"false\" placeholder=\"Max\" value=\"\" type=\"text\" name=\"Vorname\" \/><\/span>\n\nNachname*\n   <span class=\"wpcf7-form-control-wrap\" data-name=\"Nachname\"><input size=\"40\" maxlength=\"400\" class=\"wpcf7-form-control wpcf7-text wpcf7-validates-as-required\" id=\"Nachname\" aria-required=\"true\" aria-invalid=\"false\" placeholder=\"Mustermann\" value=\"\" type=\"text\" name=\"Nachname\" \/><\/span>\n\nE-Mail-Adresse*\n   <span class=\"wpcf7-form-control-wrap\" data-name=\"Mail\"><input size=\"40\" maxlength=\"400\" class=\"wpcf7-form-control wpcf7-email wpcf7-validates-as-required wpcf7-text wpcf7-validates-as-email\" id=\"Mail\" aria-required=\"true\" aria-invalid=\"false\" placeholder=\"max.mustermann@mail.com\" value=\"\" type=\"email\" name=\"Mail\" \/><\/span> \n \n Telefonnummer\n    <span class=\"wpcf7-form-control-wrap\" data-name=\"Telefon\"><input size=\"40\" maxlength=\"400\" class=\"wpcf7-form-control wpcf7-text\" id=\"Telefon\" aria-invalid=\"false\" placeholder=\"+49 (0) 151-123456\" value=\"\" type=\"text\" name=\"Telefon\" \/><\/span>\n\n Betreff*\n    <span class=\"wpcf7-form-control-wrap\" data-name=\"Betreff\"><input size=\"40\" maxlength=\"400\" class=\"wpcf7-form-control wpcf7-text wpcf7-validates-as-required\" id=\"Betreff\" aria-required=\"true\" aria-invalid=\"false\" placeholder=\"Betreff\" value=\"\" type=\"text\" name=\"Betreff\" \/><\/span>  \n\n Nachricht*\n    <span class=\"wpcf7-form-control-wrap\" data-name=\"Nachricht\"><textarea cols=\"40\" rows=\"10\" maxlength=\"2000\" class=\"wpcf7-form-control wpcf7-textarea wpcf7-validates-as-required\" id=\"Nachricht\" aria-required=\"true\" aria-invalid=\"false\" placeholder=\"Ihre Nachricht...\" name=\"Nachricht\"><\/textarea><\/span> \n\n    <span class=\"wpcf7-form-control-wrap\" data-name=\"quiz-493\"><label><span class=\"wpcf7-quiz-label\">Wie lautet der Notruf der Feuerwehr in Deutschland? (Die Zahl bitte in die Zeile eintragen)*<\/span> <input size=\"40\" class=\"wpcf7-form-control wpcf7-quiz\" id=\"quiz-493\" autocomplete=\"off\" aria-required=\"true\" aria-invalid=\"false\" type=\"text\" name=\"quiz-493\" \/><\/label><input type=\"hidden\" name=\"_wpcf7_quiz_answer_quiz-493\" value=\"a6bf27a05102d57b4bdd5c3140077610\" \/><\/span>\n\n<br>\n\n   <span class=\"wpcf7-form-control-wrap\" data-name=\"checkbox-140\"><span class=\"wpcf7-form-control wpcf7-checkbox wpcf7-validates-as-required\" id=\"checkbox-140\"><span class=\"wpcf7-list-item first last\"><input type=\"checkbox\" name=\"checkbox-140[]\" value=\"* Mit dem Absenden des Kontaktformulars erkl\u00e4ren Sie sich damit einverstanden, dass ihre Daten zur Bearbeitung Ihres Anliegens verwendet werden. (Weitere Informationen finden sie in der Datenschutzerkl\u00e4rung im unteren Men\u00fc)\" \/><span class=\"wpcf7-list-item-label\">* Mit dem Absenden des Kontaktformulars erkl\u00e4ren Sie sich damit einverstanden, dass ihre Daten zur Bearbeitung Ihres Anliegens verwendet werden. (Weitere Informationen finden sie in der Datenschutzerkl\u00e4rung im unteren Men\u00fc)<\/span><\/span><\/span><\/span>\n\n<br><br>\n\n*Pflichtfeld<br><br>\n\n <input class=\"wpcf7-form-control wpcf7-submit has-spinner\" type=\"submit\" value=\"Senden\" \/><p style=\"display: none !important;\" class=\"akismet-fields-container\" data-prefix=\"_wpcf7_ak_\"><label>&#916;<textarea name=\"_wpcf7_ak_hp_textarea\" cols=\"45\" rows=\"8\" maxlength=\"100\"><\/textarea><\/label><input type=\"hidden\" id=\"ak_js_1\" name=\"_wpcf7_ak_js\" value=\"53\"\/><script>document.getElementById( \"ak_js_1\" ).setAttribute( \"value\", ( new Date() ).getTime() );<\/script><\/p><input type='hidden' class='wpcf7-pum' value='{\"closepopup\":false,\"closedelay\":0,\"openpopup\":false,\"openpopup_id\":0}' \/><div class=\"wpcf7-response-output\" aria-hidden=\"true\"><\/div>\n<\/form>\n<\/div>\n[\/vc_column][vc_column width=&#8220;1\/6&#8243;][\/vc_column][\/vc_row][vc_row css=&#8220;.vc_custom_1519916230309{margin-top: 50px !important;margin-bottom: 100px !important;}&#8220;][vc_column][vc_column_text]\n<p style=\"text-align: center;\"><span style=\"color: #ff0000;\"><strong>FREIWILLIGE FEUERWEHR STADT SIMBACH A. INN<\/strong><\/span><br \/>\nJakob-Weindler-Stra\u00dfe 30 | 84359 Simbach a. Inn<br \/>\n<strong><span style=\"color: #ff0000;\">Telefon:<\/span>\u00a0<\/strong>+49 8571 3517\u00a0 | \u00a0 <span style=\"color: #ff0000;\"><strong>E-Mail: <\/strong><\/span>info@feuerwehr-simbach.de<\/p>\n[\/vc_column_text][\/vc_column][\/vc_row]\n<\/div>","protected":false},"excerpt":{"rendered":"<p>[vc_row inverse=&#8220;&#8220; css=&#8220;.vc_custom_1519914195569{background-position: center !important;background-repeat: no-repeat !important;background-size: contain !important;}&#8220;][vc_column css_animation=&#8220;top-to-bottom&#8220;][vc_column_text scheme=&#8220;&#8220;][\/vc_column_text][vc_column_text css=&#8220;.vc_custom_1607180275502{margin-top: 25px !important;padding-top: 0px !important;padding-bottom: 0px !important;}&#8220;] Chronik kaufen [\/vc_column_text][\/vc_column][\/vc_row][vc_row][vc_column width=&#8220;5\/6&#8243;][vc_column_text] Im Mai 2016 feierten wir mit den Kameraden der Feuerwehr Braunau unser gemeinsames 150-j\u00e4hrigs Gr\u00fcndungsfest. Wie bei einem solchen Jubil\u00e4um \u00fcblich, erstellten wir auch eine Chronik. Unsere Chronik ist jedoch eine Besondere &#8211; [&hellip;]<\/p>\n","protected":false},"author":11,"featured_media":0,"parent":0,"menu_order":0,"comment_status":"closed","ping_status":"closed","template":"","meta":{"footnotes":""},"class_list":["post-11623","page","type-page","status-publish","hentry"],"_links":{"self":[{"href":"https:\/\/feuerwehr-simbach.de\/index.php?rest_route=\/wp\/v2\/pages\/11623","targetHints":{"allow":["GET"]}}],"collection":[{"href":"https:\/\/feuerwehr-simbach.de\/index.php?rest_route=\/wp\/v2\/pages"}],"about":[{"href":"https:\/\/feuerwehr-simbach.de\/index.php?rest_route=\/wp\/v2\/types\/page"}],"author":[{"embeddable":true,"href":"https:\/\/feuerwehr-simbach.de\/index.php?rest_route=\/wp\/v2\/users\/11"}],"replies":[{"embeddable":true,"href":"https:\/\/feuerwehr-simbach.de\/index.php?rest_route=%2Fwp%2Fv2%2Fcomments&post=11623"}],"version-history":[{"count":6,"href":"https:\/\/feuerwehr-simbach.de\/index.php?rest_route=\/wp\/v2\/pages\/11623\/revisions"}],"predecessor-version":[{"id":23358,"href":"https:\/\/feuerwehr-simbach.de\/index.php?rest_route=\/wp\/v2\/pages\/11623\/revisions\/23358"}],"wp:attachment":[{"href":"https:\/\/feuerwehr-simbach.de\/index.php?rest_route=%2Fwp%2Fv2%2Fmedia&parent=11623"}],"curies":[{"name":"wp","href":"https:\/\/api.w.org\/{rel}","templated":true}]}}