{"id":15366,"date":"2021-09-19T18:45:31","date_gmt":"2021-09-19T16:45:31","guid":{"rendered":"https:\/\/feuerwehr-simbach.de\/?page_id=15366"},"modified":"2023-03-06T18:34:30","modified_gmt":"2023-03-06T17:34:30","slug":"ablauf-einer-alamierung","status":"publish","type":"page","link":"https:\/\/feuerwehr-simbach.de\/?page_id=15366","title":{"rendered":"Ablauf einer Alarmierung"},"content":{"rendered":"<div class=\"wpb-content-wrapper\">[vc_row][vc_column][vc_column_text]\n<h3 style=\"text-align: center;\"><span style=\"color: #ff0000;\">Wie wird die Freiwillige Feuerwehr Simbach a. Inn alarmiert?<\/span><\/h3>\n[\/vc_column_text][\/vc_column][\/vc_row][vc_row][vc_column][vc_empty_space height=&#8220;45px&#8220;][\/vc_column][\/vc_row][vc_row][vc_column][vc_column_text]\n<p>Die Alarmierung der Feuerwehren in Bayern \u00fcbernehmen insgesamt 26 Integrierte Leitstellen (ILS). Die <a href=\"https:\/\/www.ils-passau.de\/\">Integrierte Leitstelle Passau<\/a> ist f\u00fcr die Landkreise Freyung-Grafenau, Passau und Rottal-Inn sowie f\u00fcr die kreisfreie Stadt Passau zust\u00e4ndig. Somit \u00fcbernimmt sie auch die Alarmierung der Feuerwehr Simbach a. Inn.<\/p>\n<h6 style=\"text-align: center;\">Wie genau eine solche Alarmierung abl\u00e4uft, wird in diesem Imagefilm der ILS Passau gezeigt.<\/h6>\n[\/vc_column_text][\/vc_column][\/vc_row][vc_row][vc_column][vc_empty_space height=&#8220;50px&#8220;][\/vc_column][\/vc_row][vc_row inverse=&#8220;&#8220;][vc_column width=&#8220;1\/4&#8243;][\/vc_column][vc_column width=&#8220;1\/2&#8243;][vc_column_text]<iframe loading=\"lazy\" title=\"vimeo-player\" src=\"https:\/\/player.vimeo.com\/video\/50609972?h=76284646a4\" width=\"640\" height=\"360\" frameborder=\"0\" allowfullscreen=\"allowfullscreen\"><\/iframe>[\/vc_column_text][\/vc_column][vc_column width=&#8220;1\/4&#8243;][\/vc_column][\/vc_row]\n<\/div>","protected":false},"excerpt":{"rendered":"<p>[vc_row][vc_column][vc_column_text] Wie wird die Freiwillige Feuerwehr Simbach a. Inn alarmiert? [\/vc_column_text][\/vc_column][\/vc_row][vc_row][vc_column][vc_empty_space height=&#8220;45px&#8220;][\/vc_column][\/vc_row][vc_row][vc_column][vc_column_text] Die Alarmierung der Feuerwehren in Bayern \u00fcbernehmen insgesamt 26 Integrierte Leitstellen (ILS). Die Integrierte Leitstelle Passau ist f\u00fcr die Landkreise Freyung-Grafenau, Passau und Rottal-Inn sowie f\u00fcr die kreisfreie Stadt Passau zust\u00e4ndig. Somit \u00fcbernimmt sie auch die Alarmierung der Feuerwehr Simbach a. Inn. Wie [&hellip;]<\/p>\n","protected":false},"author":11,"featured_media":0,"parent":0,"menu_order":0,"comment_status":"closed","ping_status":"closed","template":"","meta":{"footnotes":""},"class_list":["post-15366","page","type-page","status-publish","hentry"],"_links":{"self":[{"href":"https:\/\/feuerwehr-simbach.de\/index.php?rest_route=\/wp\/v2\/pages\/15366","targetHints":{"allow":["GET"]}}],"collection":[{"href":"https:\/\/feuerwehr-simbach.de\/index.php?rest_route=\/wp\/v2\/pages"}],"about":[{"href":"https:\/\/feuerwehr-simbach.de\/index.php?rest_route=\/wp\/v2\/types\/page"}],"author":[{"embeddable":true,"href":"https:\/\/feuerwehr-simbach.de\/index.php?rest_route=\/wp\/v2\/users\/11"}],"replies":[{"embeddable":true,"href":"https:\/\/feuerwehr-simbach.de\/index.php?rest_route=%2Fwp%2Fv2%2Fcomments&post=15366"}],"version-history":[{"count":16,"href":"https:\/\/feuerwehr-simbach.de\/index.php?rest_route=\/wp\/v2\/pages\/15366\/revisions"}],"predecessor-version":[{"id":18857,"href":"https:\/\/feuerwehr-simbach.de\/index.php?rest_route=\/wp\/v2\/pages\/15366\/revisions\/18857"}],"wp:attachment":[{"href":"https:\/\/feuerwehr-simbach.de\/index.php?rest_route=%2Fwp%2Fv2%2Fmedia&parent=15366"}],"curies":[{"name":"wp","href":"https:\/\/api.w.org\/{rel}","templated":true}]}}