{"id":2132,"date":"2015-12-25T10:46:53","date_gmt":"2015-12-25T10:46:53","guid":{"rendered":"http:\/\/feuerwehr-simbach.de\/?page_id=2132"},"modified":"2025-04-13T14:34:16","modified_gmt":"2025-04-13T12:34:16","slug":"home-4-3","status":"publish","type":"page","link":"https:\/\/feuerwehr-simbach.de\/","title":{"rendered":"Home"},"content":{"rendered":"<div class=\"wpb-content-wrapper\">[vc_row][vc_column]<h2 class=\"sc_title sc_title_regular sc_align_center\" style=\"margin-top: 1.5em; margin-bottom: 1.1em;text-align:center;\">Herzlich willkommen auf unserer Homepage!<\/h2><div id=\"sc_services_973501176_wrap\" class=\"sc_services_wrap\"><div id=\"sc_services_973501176\" class=\"sc_services sc_services_style_services-1 sc_services_type_icons \" style=\"margin-bottom: 4.3em;width:100%;\"><div class=\"sc_columns columns_wrap\"><div class=\"column-1_4 column_padding_bottom\">\t\t\t<div id=\"sc_services_973501176_1\"\t\t\t\tclass=\"sc_services_item sc_services_item_1 odd first\"\n\t\t\t\t>\n\t\t\t\t<a href=\"https:\/\/feuerwehr-simbach.de\/?services=fire-prevention-2\"><span class=\"sc_icon icon-4\"><\/span><\/a>\t\t\t\t<div class=\"sc_services_item_content\">\n\t\t\t\t\t<h4 class=\"sc_services_item_title\"><a href=\"https:\/\/feuerwehr-simbach.de\/?services=fire-prevention-2\">RETTEN<\/a><\/h4>\n\t\t\t\t\t<div class=\"sc_services_item_description\">\n\t\t\t\t\t\t<p>Die Hilfe durch Sofortma\u00dfnahmen nennt man in Fachkreisen Retten von Menschen aus einer Lebensgefahr.<\/p><a href=\"https:\/\/feuerwehr-simbach.de\/?services=fire-prevention-2\" class=\"sc_services_item_readmore\">Learn more<span class=\"icon-right\"><\/span><\/a>\t\t\t\t\t<\/div>\n\t\t\t\t<\/div>\n\t\t\t<\/div>\n\t\t<\/div><div class=\"column-1_4 column_padding_bottom\">\t\t\t<div id=\"sc_services_973501176_2\"\t\t\t\tclass=\"sc_services_item sc_services_item_2 even\"\n\t\t\t\t>\n\t\t\t\t<a href=\"https:\/\/feuerwehr-simbach.de\/?services=fire-prevention-2-2\"><span class=\"sc_icon icon-4\"><\/span><\/a>\t\t\t\t<div class=\"sc_services_item_content\">\n\t\t\t\t\t<h4 class=\"sc_services_item_title\"><a href=\"https:\/\/feuerwehr-simbach.de\/?services=fire-prevention-2-2\">L\u00d6SCHEN<\/a><\/h4>\n\t\t\t\t\t<div class=\"sc_services_item_description\">\n\t\t\t\t\t\t<p>Beim abwehrenden Brandschutz werden unterschiedlichste Br\u00e4nde mit Hilfe spezieller Ausr\u00fcstung bek\u00e4mpft.<\/p><a href=\"https:\/\/feuerwehr-simbach.de\/?services=fire-prevention-2-2\" class=\"sc_services_item_readmore\">Learn more<span class=\"icon-right\"><\/span><\/a>\t\t\t\t\t<\/div>\n\t\t\t\t<\/div>\n\t\t\t<\/div>\n\t\t<\/div><div class=\"column-1_4 column_padding_bottom\">\t\t\t<div id=\"sc_services_973501176_3\"\t\t\t\tclass=\"sc_services_item sc_services_item_3 odd\"\n\t\t\t\t>\n\t\t\t\t<a href=\"https:\/\/feuerwehr-simbach.de\/?services=fire-prevention-2-2-2\"><span class=\"sc_icon icon-4\"><\/span><\/a>\t\t\t\t<div class=\"sc_services_item_content\">\n\t\t\t\t\t<h4 class=\"sc_services_item_title\"><a href=\"https:\/\/feuerwehr-simbach.de\/?services=fire-prevention-2-2-2\">BERGEN<\/a><\/h4>\n\t\t\t\t\t<div class=\"sc_services_item_description\">\n\t\t\t\t\t\t<p>Bergen von Sachg\u00fctern, verunfallten Menschen oder Tieren.<\/p><a href=\"https:\/\/feuerwehr-simbach.de\/?services=fire-prevention-2-2-2\" class=\"sc_services_item_readmore\">Learn more<span class=\"icon-right\"><\/span><\/a>\t\t\t\t\t<\/div>\n\t\t\t\t<\/div>\n\t\t\t<\/div>\n\t\t<\/div><div class=\"column-1_4 column_padding_bottom\">\t\t\t<div id=\"sc_services_973501176_4\"\t\t\t\tclass=\"sc_services_item sc_services_item_4 even\"\n\t\t\t\t>\n\t\t\t\t<a href=\"https:\/\/feuerwehr-simbach.de\/?services=fire-prevention-2-2-2-2\"><span class=\"sc_icon icon-4\"><\/span><\/a>\t\t\t\t<div class=\"sc_services_item_content\">\n\t\t\t\t\t<h4 class=\"sc_services_item_title\"><a href=\"https:\/\/feuerwehr-simbach.de\/?services=fire-prevention-2-2-2-2\">SCH\u00dcTZEN<\/a><\/h4>\n\t\t\t\t\t<div class=\"sc_services_item_description\">\n\t\t\t\t\t\t<p>Aktiver Umweltschutz, wie Eind\u00e4mmung bei \u00d6lunf\u00e4llen sowie Schutz vor chemischen, biologischen und atomaren Gefahren.<\/p><a href=\"https:\/\/feuerwehr-simbach.de\/?services=fire-prevention-2-2-2-2\" class=\"sc_services_item_readmore\">Learn more<span class=\"icon-right\"><\/span><\/a>\t\t\t\t\t<\/div>\n\t\t\t\t<\/div>\n\t\t\t<\/div>\n\t\t<\/div><\/div><\/div><!-- \/.sc_services --><\/div><!-- \/.sc_services_wrap -->[\/vc_column][\/vc_row][vc_row disable_element=&#8220;yes&#8220;][vc_column]<div class=\"sc_content content_wrap\"><h2 class=\"sc_title sc_title_regular sc_align_center margin_bottom_medium\" style=\"margin-top: 1.44em;text-align:center;\">News &amp; Events<\/h2><div id=\"sc_blogger_1312466584\" class=\"sc_blogger layout_masonry_3 template_masonry title_row_1   sc_blogger_horizontal\"><div class=\"isotope_wrap\" data-columns=\"3\"><\/div><\/div><\/div>[\/vc_column][\/vc_row][vc_row full_width=&#8220;stretch_row_content_no_spaces&#8220; disable_element=&#8220;yes&#8220;][vc_column]<div class=\"sc_section\" style=\"background-position:center;padding: 2.4em 0px;background-image:url(http:\/\/954);background-repeat:no-repeat;background-size:cover;\"><div class=\"sc_section_inner\"><div class=\"sc_section_overlay\" style=\"\"><div class=\"sc_section_content padding_on\" style=\"\"><div class=\"sc_section_content_wrap\"><div class=\"sc_content content_wrap\"><div class=\"sc_section max_width_responsive sc_section_block \" style=\"max-width: 640px;\"><div class=\"sc_section_inner\"><div class=\"sc_section_content_wrap\"><h3 class=\"sc_title sc_title_regular\" style=\"margin-bottom: .5em;\">Youth Fire Stop Prevention &amp; Intervention Program<\/h3>[vc_column_text]\n<p style=\"font-size: 1.4em; line-height: 1.3em;\">Youth Fire Stop is a program designed to prevent misuse of fire by youth in our community and to educate and intervene when endangerment involving fire occurs. Youth Fire Stop has been streamlined in order to make the program more effective.<\/p>\n[\/vc_column_text]<a href=\"#\" class=\"sc_button sc_button_square sc_button_style_filled sc_button_size_large\" style=\"margin-top: 3.5em;margin-bottom: 3.5em;\">view referral form<\/a><\/div><\/div><\/div><\/div><\/div><\/div><\/div><\/div><\/div>[\/vc_column][\/vc_row][vc_row full_width=&#8220;stretch_row_content_no_spaces&#8220;][vc_column][\/vc_column][\/vc_row][vc_row disable_element=&#8220;yes&#8220;][vc_column]<h2 class=\"sc_title sc_title_regular sc_align_center margin_bottom_medium\" style=\"margin-top: 1.45em;text-align:center;\">They Say<\/h2><div id=\"sc_testimonials_1412625896\" class=\"sc_testimonials sc_testimonials_style_testimonials-4 \" style=\"margin-bottom: 5.5em;width:100%;\"><div class=\"sc_slider_swiper swiper-slider-container sc_slider_pagination sc_slider_pagination_bottom sc_slider_nocontrols\" data-interval=\"7599\" data-slides-per-view=\"3\" data-slides-space=\"20\" data-slides-min-width=\"250\"><div class=\"slides swiper-wrapper\"><\/div><div class=\"sc_slider_controls_wrap\"><a class=\"sc_slider_prev\" href=\"#\"><\/a><a class=\"sc_slider_next\" href=\"#\"><\/a><\/div><div class=\"sc_slider_pagination_wrap\"><\/div><\/div><\/div>[\/vc_column][\/vc_row][vc_row][\/vc_row][vc_row full_width=&#8220;stretch_row_content_no_spaces&#8220; inverse=&#8220;&#8220;][vc_column]<figure class=\"sc_image  sc_image_shape_square\"><img decoding=\"async\" src=\"https:\/\/feuerwehr-simbach.de\/wp-content\/uploads\/2018\/02\/Footer_FFW_Simbach_2050x469px.jpg\" alt=\"\" \/><\/figure>[\/vc_column][\/vc_row]\n<\/div>","protected":false},"excerpt":{"rendered":"<p>[vc_row][vc_column][\/vc_column][\/vc_row][vc_row disable_element=&#8220;yes&#8220;][vc_column][\/vc_column][\/vc_row][vc_row full_width=&#8220;stretch_row_content_no_spaces&#8220; disable_element=&#8220;yes&#8220;][vc_column][\/vc_column][\/vc_row][vc_row full_width=&#8220;stretch_row_content_no_spaces&#8220;][vc_column][\/vc_column][\/vc_row][vc_row disable_element=&#8220;yes&#8220;][vc_column][\/vc_column][\/vc_row][vc_row][\/vc_row][vc_row full_width=&#8220;stretch_row_content_no_spaces&#8220; inverse=&#8220;&#8220;][vc_column][\/vc_column][\/vc_row]<\/p>\n","protected":false},"author":1,"featured_media":0,"parent":0,"menu_order":0,"comment_status":"closed","ping_status":"closed","template":"","meta":{"footnotes":""},"class_list":["post-2132","page","type-page","status-publish","hentry"],"_links":{"self":[{"href":"https:\/\/feuerwehr-simbach.de\/index.php?rest_route=\/wp\/v2\/pages\/2132","targetHints":{"allow":["GET"]}}],"collection":[{"href":"https:\/\/feuerwehr-simbach.de\/index.php?rest_route=\/wp\/v2\/pages"}],"about":[{"href":"https:\/\/feuerwehr-simbach.de\/index.php?rest_route=\/wp\/v2\/types\/page"}],"author":[{"embeddable":true,"href":"https:\/\/feuerwehr-simbach.de\/index.php?rest_route=\/wp\/v2\/users\/1"}],"replies":[{"embeddable":true,"href":"https:\/\/feuerwehr-simbach.de\/index.php?rest_route=%2Fwp%2Fv2%2Fcomments&post=2132"}],"version-history":[{"count":6,"href":"https:\/\/feuerwehr-simbach.de\/index.php?rest_route=\/wp\/v2\/pages\/2132\/revisions"}],"predecessor-version":[{"id":23067,"href":"https:\/\/feuerwehr-simbach.de\/index.php?rest_route=\/wp\/v2\/pages\/2132\/revisions\/23067"}],"wp:attachment":[{"href":"https:\/\/feuerwehr-simbach.de\/index.php?rest_route=%2Fwp%2Fv2%2Fmedia&parent=2132"}],"curies":[{"name":"wp","href":"https:\/\/api.w.org\/{rel}","templated":true}]}}