{"id":6528,"date":"2019-01-16T22:08:01","date_gmt":"2019-01-16T21:08:01","guid":{"rendered":"http:\/\/feuerwehr-simbach.de\/?page_id=6528"},"modified":"2025-12-21T12:50:53","modified_gmt":"2025-12-21T11:50:53","slug":"spenden","status":"publish","type":"page","link":"https:\/\/feuerwehr-simbach.de\/?page_id=6528","title":{"rendered":"Unterst\u00fctzung"},"content":{"rendered":"<div class=\"wpb-content-wrapper\">[vc_row][vc_column][vc_column_text]\r\n<h1 style=\"text-align: center;\"><span style=\"color: #ff0000;\">Unterst\u00fctzung<\/span><\/h1>\r\n<p>&nbsp;<\/p>\r\n<p>Mit einer Spende f\u00f6rdern Sie die Jugendarbeit und die Kameradschaft der Feuerwehr der Stadt Simbach a. Inn. \u00dcber eine Unterst\u00fctzung f\u00fcr unsere ehrenamtiche Arbeit in Form einer einmaligen Spende w\u00fcrden wir uns daher sehr freuen. Jeder, der unser Ehrenamt regelm\u00e4\u00dfig unterst\u00fctzen m\u00f6chte, kann gerne als f\u00f6rderndes Mitglied unserem Feuerwehrverein beitreten. Den entsprechenden Antrag finden Sie unter folgendem Link: <a href=\"http:\/\/feuerwehr-simbach.de\/?bfd_download=aufnahmeantrag-foerdermitglied\">Antrag f\u00fcr F\u00f6rdermitglieder<\/a><\/p>\r\n\r\n<h6><strong>Bankverbindungen<\/strong><\/h6>\r\n<p><strong>VR-Bank Rottal-Inn<\/strong><br \/>\r\n<strong>IBAN:<\/strong> DE93 7406 1813 0003 2848 08<br \/>\r\n<strong>BIC:<\/strong> GENODEF1PFK<\/p>\r\n<p><strong>Sparkasse Rottal-Inn<br \/>\r\n<\/strong><strong>IBAN:<\/strong> DE66 7435 1430 0810 2380 55<br \/>\r\n<strong>BIC:<\/strong> BYLADEM1EGF<!-- \/wp:post-content --><\/p>\r\n[\/vc_column_text][\/vc_column][\/vc_row]<\/div>","protected":false},"excerpt":{"rendered":"<p>[vc_row][vc_column][vc_column_text] Unterst\u00fctzung &nbsp; Mit einer Spende f\u00f6rdern Sie die Jugendarbeit und die Kameradschaft der Feuerwehr der Stadt Simbach a. Inn. \u00dcber eine Unterst\u00fctzung f\u00fcr unsere ehrenamtiche Arbeit in Form einer einmaligen Spende w\u00fcrden wir uns daher sehr freuen. Jeder, der unser Ehrenamt regelm\u00e4\u00dfig unterst\u00fctzen m\u00f6chte, kann gerne als f\u00f6rderndes Mitglied unserem Feuerwehrverein beitreten. Den entsprechenden [&hellip;]<\/p>\n","protected":false},"author":11,"featured_media":0,"parent":0,"menu_order":0,"comment_status":"closed","ping_status":"closed","template":"","meta":{"footnotes":""},"class_list":["post-6528","page","type-page","status-publish","hentry"],"_links":{"self":[{"href":"https:\/\/feuerwehr-simbach.de\/index.php?rest_route=\/wp\/v2\/pages\/6528","targetHints":{"allow":["GET"]}}],"collection":[{"href":"https:\/\/feuerwehr-simbach.de\/index.php?rest_route=\/wp\/v2\/pages"}],"about":[{"href":"https:\/\/feuerwehr-simbach.de\/index.php?rest_route=\/wp\/v2\/types\/page"}],"author":[{"embeddable":true,"href":"https:\/\/feuerwehr-simbach.de\/index.php?rest_route=\/wp\/v2\/users\/11"}],"replies":[{"embeddable":true,"href":"https:\/\/feuerwehr-simbach.de\/index.php?rest_route=%2Fwp%2Fv2%2Fcomments&post=6528"}],"version-history":[{"count":6,"href":"https:\/\/feuerwehr-simbach.de\/index.php?rest_route=\/wp\/v2\/pages\/6528\/revisions"}],"predecessor-version":[{"id":24406,"href":"https:\/\/feuerwehr-simbach.de\/index.php?rest_route=\/wp\/v2\/pages\/6528\/revisions\/24406"}],"wp:attachment":[{"href":"https:\/\/feuerwehr-simbach.de\/index.php?rest_route=%2Fwp%2Fv2%2Fmedia&parent=6528"}],"curies":[{"name":"wp","href":"https:\/\/api.w.org\/{rel}","templated":true}]}}