{"id":9943,"date":"2020-02-27T22:47:46","date_gmt":"2020-02-27T21:47:46","guid":{"rendered":"https:\/\/feuerwehr-simbach.de\/?page_id=9943"},"modified":"2024-01-28T18:55:34","modified_gmt":"2024-01-28T17:55:34","slug":"berichte-2020","status":"publish","type":"page","link":"https:\/\/feuerwehr-simbach.de\/?page_id=9943","title":{"rendered":"Berichte 2020"},"content":{"rendered":"<div class=\"wpb-content-wrapper\">[vc_row full_width=&#8220;stretch_row_content_no_spaces&#8220; inverse=&#8220;&#8220; el_class=&#8220;custom_size_2columns_responsive&#8220; css=&#8220;.vc_custom_1651219139276{background-color: #f6f3f0 !important;}&#8220;][vc_column css=&#8220;.vc_custom_1519143569777{margin-left: 50px !important;}&#8220;]<figure class=\"sc_image  alignleft sc_image_shape_square custom_size_image \" style=\"max-width:440px; margin-top: .5em; margin-right: 3.7em;height:250px;\"><img decoding=\"async\" src=\"https:\/\/feuerwehr-simbach.de\/wp-content\/uploads\/2020\/12\/WLF-10-e1609253254601.jpg\" alt=\"\" \/><\/figure><div class=\"sc_section sc_section_block \" style=\"margin-top: -0.34em;margin-bottom: 5.5em;\"><div class=\"sc_section_inner\"><div class=\"sc_section_content_wrap\"><h3 class=\"sc_title sc_title_regular\" style=\"line-height: 1.19em;margin-bottom: .6em;margin-top: -.2em;\"><a href=\"https:\/\/feuerwehr-simbach.de\/?p=12594\"><span data-offset-key=\"7sg6r-0-0\">Weihnachtsgeschenk f\u00fcr die Simbacher Feuerwehr<\/span><\/a><\/h3>[vc_column_text]<strong>Neues Wechselladerfahrzeug mit Kran in Straubing abgeholt. Der Landkreis Rottal-Inn beschaffte im Rahmen des Katastrophenschutzes drei Wechselladerfahrzeuge&#8230;<\/strong>[\/vc_column_text]<\/div><div class=\"sc_section_button sc_item_button\"><a href=\"https:\/\/feuerwehr-simbach.de\/?p=12594\" class=\"sc_button sc_button_square sc_button_style_filled sc_button_size_small  sc_button_iconed icon-right\">Weiterlesen - Technik<\/a><\/div><\/div><\/div>[\/vc_column][\/vc_row][vc_row][vc_column][vc_column_text][\/vc_column_text][\/vc_column][\/vc_row][vc_row full_width=&#8220;stretch_row_content_no_spaces&#8220; inverse=&#8220;&#8220; el_class=&#8220;custom_size_2columns_responsive&#8220; css=&#8220;.vc_custom_1651219788166{background-color: #ffffff !important;}&#8220;][vc_column css=&#8220;.vc_custom_1519143569777{margin-left: 50px !important;}&#8220;]<figure class=\"sc_image  alignleft sc_image_shape_square custom_size_image \" style=\"max-width:440px; margin-top: .5em; margin-right: 3.7em;height:250px;\"><a href=\"http:\/\/feuerwehr-simbach.de\/?p=4587\"><img decoding=\"async\" src=\"https:\/\/feuerwehr-simbach.de\/wp-content\/uploads\/2020\/10\/Ausbildungszug-DB-12-e1607280652206.jpg\" alt=\"\" \/><\/a><\/figure><div class=\"sc_section sc_section_block \" style=\"margin-top: -0.34em;margin-bottom: 5.5em;\"><div class=\"sc_section_inner\"><div class=\"sc_section_content_wrap\"><h3 class=\"sc_title sc_title_regular\" style=\"line-height: 1.19em;margin-bottom: .6em;margin-top: -.2em;\"><a href=\"https:\/\/feuerwehr-simbach.de\/?p=11240\">\u00dcbungen am &#8222;Ausbildungszug Gefahrgut&#8220;<\/a><\/h3>[vc_column_text]<strong>In der vergangenen Woche war drei Tage lang der \u201eAusbildungszug Gefahrgut\u201c der Deutschen Bahn Netz AG am Simbacher Bahnhof stationiert&#8230;<\/strong>[\/vc_column_text]<\/div><div class=\"sc_section_button sc_item_button\"><a href=\"https:\/\/feuerwehr-simbach.de\/?p=11240\" class=\"sc_button sc_button_square sc_button_style_filled sc_button_size_small  sc_button_iconed icon-right\">Weiterlesen - Technik<\/a><\/div><\/div><\/div>[\/vc_column][\/vc_row][vc_row][vc_column][vc_column_text][\/vc_column_text][\/vc_column][\/vc_row][vc_row full_width=&#8220;stretch_row_content_no_spaces&#8220; inverse=&#8220;&#8220; el_class=&#8220;custom_size_2columns_responsive&#8220; css=&#8220;.vc_custom_1651219921493{background-color: #f6f3f0 !important;}&#8220;][vc_column css=&#8220;.vc_custom_1519143569777{margin-left: 50px !important;}&#8220;]<figure class=\"sc_image  alignleft sc_image_shape_square custom_size_image \" style=\"max-width:440px; margin-top: .5em; margin-right: 3.7em;height:250px;\"><a href=\"http:\/\/feuerwehr-simbach.de\/?p=4580\"><img decoding=\"async\" src=\"https:\/\/feuerwehr-simbach.de\/wp-content\/uploads\/2020\/11\/2020.08.20-Jugenduebung-Waldbrand-Vegetationsbrand-e1607280453518.jpg\" alt=\"\" \/><\/a><\/figure><div class=\"sc_section sc_section_block \" style=\"margin-top: -0.34em;margin-bottom: 5.5em;\"><div class=\"sc_section_inner\"><div class=\"sc_section_content_wrap\"><h3 class=\"sc_title sc_title_regular\" style=\"line-height: 1.19em;margin-bottom: .6em;margin-top: -.2em;\"><a href=\"https:\/\/feuerwehr-simbach.de\/?p=11076\">Jugendfeuerwehr \u00fcbt Wald- und Fl\u00e4chenbrandbek\u00e4mpfung<\/a><\/h3>[vc_column_text]<strong>Die Simbacher Feuerwehr h\u00e4lt f\u00fcr Vegetationsbr\u00e4nde in W\u00e4ldern oder auf Fl\u00e4chen, wie Wiesen oder Getreidefeldern&#8230;<\/strong>[\/vc_column_text]<\/div><div class=\"sc_section_button sc_item_button\"><a href=\"https:\/\/feuerwehr-simbach.de\/?p=11076\" class=\"sc_button sc_button_square sc_button_style_filled sc_button_size_small  sc_button_iconed icon-right\">Weiterlesen - Jugend<\/a><\/div><\/div><\/div>[\/vc_column][\/vc_row][vc_row][vc_column][vc_column_text][\/vc_column_text][\/vc_column][\/vc_row][vc_row full_width=&#8220;stretch_row_content_no_spaces&#8220; inverse=&#8220;&#8220; el_class=&#8220;custom_size_2columns_responsive&#8220; css=&#8220;.vc_custom_1651219774057{background-color: #ffffff !important;}&#8220;][vc_column css=&#8220;.vc_custom_1519143569777{margin-left: 50px !important;}&#8220;]<figure class=\"sc_image  alignleft sc_image_shape_square custom_size_image \" style=\"max-width:440px; margin-top: .5em; margin-right: 3.7em;height:250px;\"><a href=\"http:\/\/feuerwehr-simbach.de\/?p=4587\"><img decoding=\"async\" src=\"https:\/\/feuerwehr-simbach.de\/wp-content\/uploads\/2020\/08\/Leistungsabzeichen-2020-11-e1607280759188.jpg\" alt=\"\" \/><\/a><\/figure><div class=\"sc_section sc_section_block \" style=\"margin-top: -0.34em;margin-bottom: 5.5em;\"><div class=\"sc_section_inner\"><div class=\"sc_section_content_wrap\"><h3 class=\"sc_title sc_title_regular\" style=\"line-height: 1.19em;margin-bottom: .6em;margin-top: -.2em;\"><a href=\"https:\/\/feuerwehr-simbach.de\/?p=10989\">Leistungsabzeichen 2020<\/a><\/h3>[vc_column_text]<strong>Zwei Wochen lang \u00fcbten 15 Mitglieder unserer Feuerwehr f\u00fcr die Leistungspr\u00fcfung&#8230;<\/strong>[\/vc_column_text]<\/div><div class=\"sc_section_button sc_item_button\"><a href=\"https:\/\/feuerwehr-simbach.de\/?p=10989\" class=\"sc_button sc_button_square sc_button_style_filled sc_button_size_small  sc_button_iconed icon-right\">Weiterlesen - Technik<\/a><\/div><\/div><\/div>[\/vc_column][\/vc_row][vc_row][vc_column][vc_column_text][\/vc_column_text][\/vc_column][\/vc_row][vc_row full_width=&#8220;stretch_row_content_no_spaces&#8220; inverse=&#8220;&#8220; el_class=&#8220;custom_size_2columns_responsive&#8220; css=&#8220;.vc_custom_1554641155115{background-color: #f6f3f0 !important;}&#8220;][vc_column css=&#8220;.vc_custom_1519143569777{margin-left: 50px !important;}&#8220;]<figure class=\"sc_image  alignleft sc_image_shape_square custom_size_image \" style=\"max-width:440px; margin-top: .5em; margin-right: 3.7em;height:250px;\"><a href=\"http:\/\/feuerwehr-simbach.de\/?p=4587\"><img decoding=\"async\" src=\"https:\/\/feuerwehr-simbach.de\/wp-content\/uploads\/2020\/07\/1000\u20ac-Gewinn-e1607280784958.jpg\" alt=\"\" \/><\/a><\/figure><div class=\"sc_section sc_section_block \" style=\"margin-top: -0.34em;margin-bottom: 5.5em;\"><div class=\"sc_section_inner\"><div class=\"sc_section_content_wrap\"><h3 class=\"sc_title sc_title_regular\" style=\"line-height: 1.19em;margin-bottom: .6em;margin-top: -.2em;\"><a href=\"https:\/\/feuerwehr-simbach.de\/?p=10931\">Feuerwehr freut sich \u00fcber 1000-Euro-Gewinn<\/a><\/h3>[vc_column_text]<strong>Feuerwehr-Vorsitzender Stefan Huber war v\u00f6llig \u00fcberrascht, als er k\u00fcrzlich einen morgendlichen Anruf einer Radiomoderatorin bekam, die ihm einen 1000-Euro-Gewinn zusicherte&#8230;<\/strong><strong><br \/>\n<\/strong>[\/vc_column_text]<\/div><div class=\"sc_section_button sc_item_button\"><a href=\"https:\/\/feuerwehr-simbach.de\/?p=10931\" class=\"sc_button sc_button_square sc_button_style_filled sc_button_size_small  sc_button_iconed icon-right\">Weiterlesen - Verein<\/a><\/div><\/div><\/div>[\/vc_column][\/vc_row][vc_row][vc_column][vc_column_text][\/vc_column_text][\/vc_column][\/vc_row][vc_row full_width=&#8220;stretch_row_content_no_spaces&#8220; inverse=&#8220;&#8220; el_class=&#8220;custom_size_2columns_responsive&#8220; css=&#8220;.vc_custom_1651219762663{background-color: #ffffff !important;}&#8220;][vc_column css=&#8220;.vc_custom_1519143569777{margin-left: 50px !important;}&#8220;]<figure class=\"sc_image  alignleft sc_image_shape_square custom_size_image \" style=\"max-width:440px; margin-top: .5em; margin-right: 3.7em;height:250px;\"><a href=\"http:\/\/feuerwehr-simbach.de\/?p=4580\"><img decoding=\"async\" src=\"https:\/\/feuerwehr-simbach.de\/wp-content\/uploads\/2020\/07\/Boots\u00fcbung-Jugendfeuerwehr-2-e1607280799730.jpg\" alt=\"\" \/><\/a><\/figure><div class=\"sc_section sc_section_block \" style=\"margin-top: -0.34em;margin-bottom: 5.5em;\"><div class=\"sc_section_inner\"><div class=\"sc_section_content_wrap\"><h3 class=\"sc_title sc_title_regular\" style=\"line-height: 1.19em;margin-bottom: .6em;margin-top: -.2em;\"><a href=\"https:\/\/feuerwehr-simbach.de\/?p=10918\">Boots\u00fcbung auf dem Inn<\/a><\/h3>[vc_column_text]<strong>Die Simbacher Jugendfeuerwehr nutzte den warmen Sommer f\u00fcr eine Ausbildungseinheit mit dem gro\u00dfen Mehrzweckboot&#8230;<\/strong>[\/vc_column_text]<\/div><div class=\"sc_section_button sc_item_button\"><a href=\"https:\/\/feuerwehr-simbach.de\/?p=10918\" class=\"sc_button sc_button_square sc_button_style_filled sc_button_size_small  sc_button_iconed icon-right\">Weiterlesen - Jugend<\/a><\/div><\/div><\/div>[\/vc_column][\/vc_row][vc_row full_width=&#8220;stretch_row_content_no_spaces&#8220; inverse=&#8220;&#8220; el_class=&#8220;custom_size_2columns_responsive&#8220; css=&#8220;.vc_custom_1651219160894{background-color: #f6f3f0 !important;}&#8220;][vc_column css=&#8220;.vc_custom_1519143569777{margin-left: 50px !important;}&#8220;]<figure class=\"sc_image  alignleft sc_image_shape_square custom_size_image \" style=\"max-width:440px; margin-top: .5em; margin-right: 3.7em;height:250px;\"><a href=\"http:\/\/feuerwehr-simbach.de\/?p=4587\"><img decoding=\"async\" src=\"https:\/\/feuerwehr-simbach.de\/wp-content\/uploads\/2020\/04\/Michael-Jetzlsperger-2.jpg\" alt=\"\" \/><\/a><\/figure><div class=\"sc_section sc_section_block \" style=\"margin-top: -0.34em;margin-bottom: 5.5em;\"><div class=\"sc_section_inner\"><div class=\"sc_section_content_wrap\"><h3 class=\"sc_title sc_title_regular\" style=\"line-height: 1.19em;margin-bottom: .6em;margin-top: -.2em;\"><a href=\"https:\/\/feuerwehr-simbach.de\/?p=10430\">Die Feuerwehr ist im Ernstfall weiterhin bereit<\/a><\/h3>[vc_column_text]<strong>Die PNP befragte unseren 1. Kommandanten Michael Jetzlsperger, Kreisbrandmeister Manfred Deser und&#8230;<\/strong><strong><br \/>\n<\/strong>[\/vc_column_text]<\/div><div class=\"sc_section_button sc_item_button\"><a href=\"https:\/\/feuerwehr-simbach.de\/?p=10430\" class=\"sc_button sc_button_square sc_button_style_filled sc_button_size_small  sc_button_iconed icon-right\">Weiterlesen - Technik<\/a><\/div><\/div><\/div>[\/vc_column][\/vc_row][vc_row][vc_column][vc_column_text][\/vc_column_text][\/vc_column][\/vc_row][vc_row full_width=&#8220;stretch_row_content_no_spaces&#8220; inverse=&#8220;&#8220; el_class=&#8220;custom_size_2columns_responsive&#8220; css=&#8220;.vc_custom_1651219698837{background-color: #ffffff !important;}&#8220;][vc_column css=&#8220;.vc_custom_1519143569777{margin-left: 50px !important;}&#8220;]<figure class=\"sc_image  alignleft sc_image_shape_square custom_size_image \" style=\"max-width:440px; margin-top: .5em; margin-right: 3.7em;height:250px;\"><a href=\"http:\/\/feuerwehr-simbach.de\/?p=4587\"><img decoding=\"async\" src=\"https:\/\/feuerwehr-simbach.de\/wp-content\/uploads\/2020\/03\/ATG-Lehrgang-19-e1615036233416.jpg\" alt=\"\" \/><\/a><\/figure><div class=\"sc_section sc_section_block \" style=\"margin-top: -0.34em;margin-bottom: 5.5em;\"><div class=\"sc_section_inner\"><div class=\"sc_section_content_wrap\"><h3 class=\"sc_title sc_title_regular\" style=\"line-height: 1.19em;margin-bottom: .6em;margin-top: -.2em;\"><a href=\"https:\/\/feuerwehr-simbach.de\/?p=10097&amp;preview=true\">Atemschutzlehrgang 2020<\/a><\/h3>[vc_column_text]<strong>Von 2. bis 14. <\/strong><strong>M\u00e4rz fand in Simbach wieder der allj\u00e4hrliche Atemschutzger\u00e4tetr\u00e4gerlehrgang statt. Dort lernten die 19 Teilnehmer in Theorie und Praxis&#8230;<\/strong><strong><br \/>\n<\/strong>[\/vc_column_text]<\/div><div class=\"sc_section_button sc_item_button\"><a href=\"https:\/\/feuerwehr-simbach.de\/?p=10097\" class=\"sc_button sc_button_square sc_button_style_filled sc_button_size_small  sc_button_iconed icon-right\">Weiterlesen - Technik<\/a><\/div><\/div><\/div>[\/vc_column][\/vc_row][vc_row][vc_column][vc_column_text][\/vc_column_text][\/vc_column][\/vc_row][vc_row full_width=&#8220;stretch_row_content_no_spaces&#8220; inverse=&#8220;&#8220; el_class=&#8220;custom_size_2columns_responsive&#8220; css=&#8220;.vc_custom_1651219179029{background-color: #f6f3f0 !important;}&#8220;][vc_column css=&#8220;.vc_custom_1519143569777{margin-left: 50px !important;}&#8220;]<figure class=\"sc_image  alignleft sc_image_shape_square custom_size_image \" style=\"max-width:440px; margin-top: .5em; margin-right: 3.7em;height:250px;\"><a href=\"http:\/\/feuerwehr-simbach.de\/?p=4587\"><img decoding=\"async\" src=\"https:\/\/feuerwehr-simbach.de\/wp-content\/uploads\/2020\/02\/BSA-Traunreut-1-e1607281253906.jpg\" alt=\"\" \/><\/a><\/figure><div class=\"sc_section sc_section_block \" style=\"margin-top: -0.34em;margin-bottom: 5.5em;\"><div class=\"sc_section_inner\"><div class=\"sc_section_content_wrap\"><h3 class=\"sc_title sc_title_regular\" style=\"line-height: 1.19em;margin-bottom: .6em;margin-top: -.2em;\"><a href=\"https:\/\/feuerwehr-simbach.de\/?p=9859\">Ausbildung in der Brandsimulationsanlage in Traunreut<\/a><\/h3>[vc_column_text]<strong>Am Dienstag, den 18. <\/strong><strong>Februar, nahmen sieben Mitglieder unserer Feuerwehr an der Ausbildung&#8230;<\/strong><strong><br \/>\n<\/strong>[\/vc_column_text]<\/div><div class=\"sc_section_button sc_item_button\"><a href=\"https:\/\/feuerwehr-simbach.de\/?p=9859\" class=\"sc_button sc_button_square sc_button_style_filled sc_button_size_small  sc_button_iconed icon-right\">Weiterlesen - Technik<\/a><\/div><\/div><\/div>[\/vc_column][\/vc_row][vc_row][vc_column][vc_column_text][\/vc_column_text][\/vc_column][\/vc_row][vc_row full_width=&#8220;stretch_row_content_no_spaces&#8220; inverse=&#8220;&#8220; el_class=&#8220;custom_size_2columns_responsive&#8220;][vc_column css=&#8220;.vc_custom_1519143569777{margin-left: 50px !important;}&#8220;]<figure class=\"sc_image  alignleft sc_image_shape_square custom_size_image \" style=\"max-width:440px; margin-top: .5em; margin-right: 3.7em;height:250px;\"><a href=\"http:\/\/feuerwehr-simbach.de\/?p=4580\"><img decoding=\"async\" src=\"https:\/\/feuerwehr-simbach.de\/wp-content\/uploads\/2020\/02\/DSC_0259-e1581276703526.jpg\" alt=\"\" \/><\/a><\/figure><div class=\"sc_section sc_section_block \" style=\"margin-top: -0.34em;margin-bottom: 5.5em;\"><div class=\"sc_section_inner\"><div class=\"sc_section_content_wrap\"><h3 class=\"sc_title sc_title_regular\" style=\"line-height: 1.19em;margin-bottom: .6em;margin-top: -.2em;\"><a href=\"https:\/\/feuerwehr-simbach.de\/?p=9718\">Erfolgreiche Christbaumsammelaktion<\/a><\/h3>[vc_column_text]<strong>Und der letzte Baum fliegt Ein erfolgreicher Sammeltag mit \u00fcber 90 B\u00e4umen ist zu Ende&#8230;<\/strong>[\/vc_column_text]<\/div><div class=\"sc_section_button sc_item_button\"><a href=\"https:\/\/feuerwehr-simbach.de\/?p=9718\" class=\"sc_button sc_button_square sc_button_style_filled sc_button_size_small  sc_button_iconed icon-right\">Weiterlesen - Jugend<\/a><\/div><\/div><\/div>[\/vc_column][\/vc_row][vc_row][vc_column][vc_column_text][\/vc_column_text][\/vc_column][\/vc_row][vc_row full_width=&#8220;stretch_row_content_no_spaces&#8220; inverse=&#8220;&#8220; el_class=&#8220;custom_size_2columns_responsive&#8220; css=&#8220;.vc_custom_1554641155115{background-color: #f6f3f0 !important;}&#8220;][vc_column css=&#8220;.vc_custom_1519143569777{margin-left: 50px !important;}&#8220;]<figure class=\"sc_image  alignleft sc_image_shape_square custom_size_image \" style=\"max-width:440px; margin-top: .5em; margin-right: 3.7em;height:250px;\"><a href=\"http:\/\/feuerwehr-simbach.de\/?p=4587\"><img decoding=\"async\" src=\"https:\/\/feuerwehr-simbach.de\/wp-content\/uploads\/2020\/02\/DLAK-1-e1607281168793.jpg\" alt=\"\" \/><\/a><\/figure><div class=\"sc_section sc_section_block \" style=\"margin-top: -0.34em;margin-bottom: 5.5em;\"><div class=\"sc_section_inner\"><div class=\"sc_section_content_wrap\"><h3 class=\"sc_title sc_title_regular\" style=\"line-height: 1.19em;margin-bottom: .6em;margin-top: -.2em;\"><a href=\"https:\/\/feuerwehr-simbach.de\/?p=9565\">Neue Drehleiter f\u00fcr die Freiwillige Feuerwehr der Stadt Simbach a. Inn<\/a><\/h3>[vc_column_text]<strong>Am vergangenen Freitag konnten wir nach lang ersehnter Zeit unsere neue Drehleiter DLAK 23\/12 in Ulm bei dem Aufbauhersteller Magirus in Empfang nehmen. &#8230;<\/strong><strong><br \/>\n<\/strong>[\/vc_column_text]<\/div><div class=\"sc_section_button sc_item_button\"><a href=\"https:\/\/feuerwehr-simbach.de\/?p=9565\" class=\"sc_button sc_button_square sc_button_style_filled sc_button_size_small  sc_button_iconed icon-right\">Weiterlesen - Technik<\/a><\/div><\/div><\/div>[\/vc_column][\/vc_row][vc_row][vc_column][vc_column_text][\/vc_column_text][\/vc_column][\/vc_row]\n<p>&nbsp;<\/p>\n<\/div>","protected":false},"excerpt":{"rendered":"<p>[vc_row full_width=&#8220;stretch_row_content_no_spaces&#8220; inverse=&#8220;&#8220; el_class=&#8220;custom_size_2columns_responsive&#8220; css=&#8220;.vc_custom_1651219139276{background-color: #f6f3f0 !important;}&#8220;][vc_column css=&#8220;.vc_custom_1519143569777{margin-left: 50px !important;}&#8220;][\/vc_column][\/vc_row][vc_row][vc_column][vc_column_text][\/vc_column_text][\/vc_column][\/vc_row][vc_row full_width=&#8220;stretch_row_content_no_spaces&#8220; inverse=&#8220;&#8220; el_class=&#8220;custom_size_2columns_responsive&#8220; css=&#8220;.vc_custom_1651219788166{background-color: #ffffff !important;}&#8220;][vc_column css=&#8220;.vc_custom_1519143569777{margin-left: 50px !important;}&#8220;][\/vc_column][\/vc_row][vc_row][vc_column][vc_column_text][\/vc_column_text][\/vc_column][\/vc_row][vc_row full_width=&#8220;stretch_row_content_no_spaces&#8220; inverse=&#8220;&#8220; el_class=&#8220;custom_size_2columns_responsive&#8220; css=&#8220;.vc_custom_1651219921493{background-color: #f6f3f0 !important;}&#8220;][vc_column css=&#8220;.vc_custom_1519143569777{margin-left: 50px !important;}&#8220;][\/vc_column][\/vc_row][vc_row][vc_column][vc_column_text][\/vc_column_text][\/vc_column][\/vc_row][vc_row full_width=&#8220;stretch_row_content_no_spaces&#8220; inverse=&#8220;&#8220; el_class=&#8220;custom_size_2columns_responsive&#8220; css=&#8220;.vc_custom_1651219774057{background-color: #ffffff !important;}&#8220;][vc_column css=&#8220;.vc_custom_1519143569777{margin-left: 50px !important;}&#8220;][\/vc_column][\/vc_row][vc_row][vc_column][vc_column_text][\/vc_column_text][\/vc_column][\/vc_row][vc_row full_width=&#8220;stretch_row_content_no_spaces&#8220; inverse=&#8220;&#8220; el_class=&#8220;custom_size_2columns_responsive&#8220; css=&#8220;.vc_custom_1554641155115{background-color: #f6f3f0 !important;}&#8220;][vc_column css=&#8220;.vc_custom_1519143569777{margin-left: 50px !important;}&#8220;][\/vc_column][\/vc_row][vc_row][vc_column][vc_column_text][\/vc_column_text][\/vc_column][\/vc_row][vc_row full_width=&#8220;stretch_row_content_no_spaces&#8220; inverse=&#8220;&#8220; el_class=&#8220;custom_size_2columns_responsive&#8220; css=&#8220;.vc_custom_1651219762663{background-color: #ffffff !important;}&#8220;][vc_column css=&#8220;.vc_custom_1519143569777{margin-left: 50px !important;}&#8220;][\/vc_column][\/vc_row][vc_row [&hellip;]<\/p>\n","protected":false},"author":11,"featured_media":0,"parent":0,"menu_order":0,"comment_status":"closed","ping_status":"closed","template":"","meta":{"footnotes":""},"class_list":["post-9943","page","type-page","status-publish","hentry"],"_links":{"self":[{"href":"https:\/\/feuerwehr-simbach.de\/index.php?rest_route=\/wp\/v2\/pages\/9943","targetHints":{"allow":["GET"]}}],"collection":[{"href":"https:\/\/feuerwehr-simbach.de\/index.php?rest_route=\/wp\/v2\/pages"}],"about":[{"href":"https:\/\/feuerwehr-simbach.de\/index.php?rest_route=\/wp\/v2\/types\/page"}],"author":[{"embeddable":true,"href":"https:\/\/feuerwehr-simbach.de\/index.php?rest_route=\/wp\/v2\/users\/11"}],"replies":[{"embeddable":true,"href":"https:\/\/feuerwehr-simbach.de\/index.php?rest_route=%2Fwp%2Fv2%2Fcomments&post=9943"}],"version-history":[{"count":24,"href":"https:\/\/feuerwehr-simbach.de\/index.php?rest_route=\/wp\/v2\/pages\/9943\/revisions"}],"predecessor-version":[{"id":10098,"href":"https:\/\/feuerwehr-simbach.de\/index.php?rest_route=\/wp\/v2\/pages\/9943\/revisions\/10098"}],"wp:attachment":[{"href":"https:\/\/feuerwehr-simbach.de\/index.php?rest_route=%2Fwp%2Fv2%2Fmedia&parent=9943"}],"curies":[{"name":"wp","href":"https:\/\/api.w.org\/{rel}","templated":true}]}}